{"id":8772,"date":"2026-05-16T10:07:24","date_gmt":"2026-05-16T10:07:24","guid":{"rendered":"https:\/\/favor.hr\/?page_id=8772"},"modified":"2026-05-16T10:31:11","modified_gmt":"2026-05-16T10:31:11","slug":"qr","status":"publish","type":"page","link":"https:\/\/favor.hr\/en\/qr\/","title":{"rendered":"Business card"},"content":{"rendered":"\t\t<div data-elementor-type=\"wp-page\" data-elementor-id=\"8772\" class=\"elementor elementor-8772\" data-elementor-settings=\"[]\">\n\t\t\t\t\t\t\t<div class=\"elementor-section-wrap\">\n\t\t\t\t\t\t\t<section class=\"elementor-section elementor-top-section elementor-element elementor-element-bc6c841 elementor-section-boxed elementor-section-height-default elementor-section-height-default\" data-id=\"bc6c841\" data-element_type=\"section\">\n\t\t\t\t\t\t<div class=\"elementor-container elementor-column-gap-default\">\n\t\t\t\t\t<div class=\"elementor-column elementor-col-100 elementor-top-column elementor-element elementor-element-66b3616\" data-id=\"66b3616\" data-element_type=\"column\">\n\t\t\t<div class=\"elementor-widget-wrap elementor-element-populated\">\n\t\t\t\t\t\t\t\t<div class=\"elementor-element elementor-element-3a05a6d elementor-widget elementor-widget-image\" data-id=\"3a05a6d\" data-element_type=\"widget\" data-widget_type=\"image.default\">\n\t\t\t\t<div class=\"elementor-widget-container\">\n\t\t\t\t\t\t\t\t\t\t\t\t\t\t\t<img loading=\"lazy\" decoding=\"async\" width=\"300\" height=\"300\" src=\"https:\/\/favor.hr\/wp-content\/uploads\/2026\/05\/zeljko-bubicic-qr-300x300.png\" class=\"attachment-medium size-medium\" alt=\"\u017eeljko bubi\u010di\u0107 qr\" srcset=\"https:\/\/favor.hr\/wp-content\/uploads\/2026\/05\/zeljko-bubicic-qr-300x300.png 300w, https:\/\/favor.hr\/wp-content\/uploads\/2026\/05\/zeljko-bubicic-qr-150x150.png 150w, https:\/\/favor.hr\/wp-content\/uploads\/2026\/05\/zeljko-bubicic-qr-768x768.png 768w, https:\/\/favor.hr\/wp-content\/uploads\/2026\/05\/zeljko-bubicic-qr-120x120.png 120w, https:\/\/favor.hr\/wp-content\/uploads\/2026\/05\/zeljko-bubicic-qr.png 1024w\" sizes=\"auto, (max-width: 300px) 100vw, 300px\" \/>\t\t\t\t\t\t\t\t\t\t\t\t\t\t\t<\/div>\n\t\t\t\t<\/div>\n\t\t\t\t<div class=\"elementor-element elementor-element-7028e9a elementor-align-center elementor-widget elementor-widget-button\" data-id=\"7028e9a\" data-element_type=\"widget\" data-widget_type=\"button.default\">\n\t\t\t\t<div class=\"elementor-widget-container\">\n\t\t\t\t\t<div class=\"elementor-button-wrapper\">\n\t\t\t<a href=\"https:\/\/favor.hr\/\u017eeljko-bubi\u010di\u0107.vcf\" class=\"elementor-button-link elementor-button elementor-size-sm\" role=\"button\">\n\t\t\t\t\t\t<span class=\"elementor-button-content-wrapper\">\n\t\t\t\t\t\t<span class=\"elementor-button-text\">Download<\/span>\n\t\t<\/span>\n\t\t\t\t\t<\/a>\n\t\t<\/div>\n\t\t\t\t<\/div>\n\t\t\t\t<\/div>\n\t\t\t\t\t<\/div>\n\t\t<\/div>\n\t\t\t\t\t\t\t<\/div>\n\t\t<\/section>\n\t\t\t\t\t\t<\/div>\n\t\t\t\t\t<\/div>\n\t\t","protected":false},"excerpt":{"rendered":"<p>Download<\/p>\n","protected":false},"author":1,"featured_media":0,"parent":0,"menu_order":0,"comment_status":"closed","ping_status":"closed","template":"","meta":{"_acf_changed":false,"footnotes":""},"class_list":["post-8772","page","type-page","status-publish","hentry"],"acf":[],"yoast_head":"<!-- This site is optimized with the Yoast SEO plugin v27.6 - https:\/\/yoast.com\/product\/yoast-seo-wordpress\/ -->\n<title>Business card - Favor Informatika<\/title>\n<meta name=\"robots\" content=\"index, follow, max-snippet:-1, max-image-preview:large, max-video-preview:-1\" \/>\n<link rel=\"canonical\" href=\"https:\/\/favor.hr\/qr\/\" \/>\n<meta property=\"og:locale\" content=\"en_US\" \/>\n<meta property=\"og:type\" content=\"article\" \/>\n<meta property=\"og:title\" content=\"Business card - Favor Informatika\" \/>\n<meta property=\"og:description\" content=\"Download\" \/>\n<meta property=\"og:url\" content=\"https:\/\/favor.hr\/qr\/\" \/>\n<meta property=\"og:site_name\" content=\"Favor Informatika\" \/>\n<meta property=\"article:modified_time\" content=\"2026-05-16T10:31:11+00:00\" \/>\n<meta property=\"og:image\" content=\"https:\/\/favor.hr\/wp-content\/uploads\/2026\/05\/zeljko-bubicic-qr-300x300.png\" \/>\n<meta name=\"twitter:card\" content=\"summary_large_image\" \/>\n<meta name=\"twitter:label1\" content=\"Est. reading time\" \/>\n\t<meta name=\"twitter:data1\" content=\"1 minute\" \/>\n<script type=\"application\/ld+json\" class=\"yoast-schema-graph\">{\"@context\":\"https:\\\/\\\/schema.org\",\"@graph\":[{\"@type\":\"WebPage\",\"@id\":\"https:\\\/\\\/favor.hr\\\/qr\\\/\",\"url\":\"https:\\\/\\\/favor.hr\\\/qr\\\/\",\"name\":\"[:hr]Vizitka[:en]Business card[:de]Visitenkarte[:] - Favor Informatika\",\"isPartOf\":{\"@id\":\"https:\\\/\\\/favor.hr\\\/#website\"},\"primaryImageOfPage\":{\"@id\":\"https:\\\/\\\/favor.hr\\\/qr\\\/#primaryimage\"},\"image\":{\"@id\":\"https:\\\/\\\/favor.hr\\\/qr\\\/#primaryimage\"},\"thumbnailUrl\":\"https:\\\/\\\/favor.hr\\\/wp-content\\\/uploads\\\/2026\\\/05\\\/zeljko-bubicic-qr-300x300.png\",\"datePublished\":\"2026-05-16T10:07:24+00:00\",\"dateModified\":\"2026-05-16T10:31:11+00:00\",\"breadcrumb\":{\"@id\":\"https:\\\/\\\/favor.hr\\\/qr\\\/#breadcrumb\"},\"inLanguage\":\"en-US\",\"potentialAction\":[{\"@type\":\"ReadAction\",\"target\":[\"https:\\\/\\\/favor.hr\\\/qr\\\/\"]}]},{\"@type\":\"ImageObject\",\"inLanguage\":\"en-US\",\"@id\":\"https:\\\/\\\/favor.hr\\\/qr\\\/#primaryimage\",\"url\":\"https:\\\/\\\/favor.hr\\\/wp-content\\\/uploads\\\/2026\\\/05\\\/zeljko-bubicic-qr-300x300.png\",\"contentUrl\":\"https:\\\/\\\/favor.hr\\\/wp-content\\\/uploads\\\/2026\\\/05\\\/zeljko-bubicic-qr-300x300.png\"},{\"@type\":\"BreadcrumbList\",\"@id\":\"https:\\\/\\\/favor.hr\\\/qr\\\/#breadcrumb\",\"itemListElement\":[{\"@type\":\"ListItem\",\"position\":1,\"name\":\"Po\u010detna stranica\",\"item\":\"https:\\\/\\\/favor.hr\\\/\"},{\"@type\":\"ListItem\",\"position\":2,\"name\":\"Vizitka\"}]},{\"@type\":\"WebSite\",\"@id\":\"https:\\\/\\\/favor.hr\\\/#website\",\"url\":\"https:\\\/\\\/favor.hr\\\/\",\"name\":\"Favor Informatika\",\"description\":\"Obrt za informati\u010dke usluge\",\"potentialAction\":[{\"@type\":\"SearchAction\",\"target\":{\"@type\":\"EntryPoint\",\"urlTemplate\":\"https:\\\/\\\/favor.hr\\\/?s={search_term_string}\"},\"query-input\":{\"@type\":\"PropertyValueSpecification\",\"valueRequired\":true,\"valueName\":\"search_term_string\"}}],\"inLanguage\":\"en-US\"}]}<\/script>\n<!-- \/ Yoast SEO plugin. -->","yoast_head_json":{"title":"Business card - Favor Informatika","robots":{"index":"index","follow":"follow","max-snippet":"max-snippet:-1","max-image-preview":"max-image-preview:large","max-video-preview":"max-video-preview:-1"},"canonical":"https:\/\/favor.hr\/qr\/","og_locale":"en_US","og_type":"article","og_title":"Business card - Favor Informatika","og_description":"Download","og_url":"https:\/\/favor.hr\/qr\/","og_site_name":"Favor Informatika","article_modified_time":"2026-05-16T10:31:11+00:00","og_image":[{"url":"https:\/\/favor.hr\/wp-content\/uploads\/2026\/05\/zeljko-bubicic-qr-300x300.png","type":"","width":"","height":""}],"twitter_card":"summary_large_image","twitter_misc":{"Est. reading time":"1 minute"},"schema":{"@context":"https:\/\/schema.org","@graph":[{"@type":"WebPage","@id":"https:\/\/favor.hr\/qr\/","url":"https:\/\/favor.hr\/qr\/","name":"[:hr]Vizitka[:en]Business card[:de]Visitenkarte[:] - Favor Informatika","isPartOf":{"@id":"https:\/\/favor.hr\/#website"},"primaryImageOfPage":{"@id":"https:\/\/favor.hr\/qr\/#primaryimage"},"image":{"@id":"https:\/\/favor.hr\/qr\/#primaryimage"},"thumbnailUrl":"https:\/\/favor.hr\/wp-content\/uploads\/2026\/05\/zeljko-bubicic-qr-300x300.png","datePublished":"2026-05-16T10:07:24+00:00","dateModified":"2026-05-16T10:31:11+00:00","breadcrumb":{"@id":"https:\/\/favor.hr\/qr\/#breadcrumb"},"inLanguage":"en-US","potentialAction":[{"@type":"ReadAction","target":["https:\/\/favor.hr\/qr\/"]}]},{"@type":"ImageObject","inLanguage":"en-US","@id":"https:\/\/favor.hr\/qr\/#primaryimage","url":"https:\/\/favor.hr\/wp-content\/uploads\/2026\/05\/zeljko-bubicic-qr-300x300.png","contentUrl":"https:\/\/favor.hr\/wp-content\/uploads\/2026\/05\/zeljko-bubicic-qr-300x300.png"},{"@type":"BreadcrumbList","@id":"https:\/\/favor.hr\/qr\/#breadcrumb","itemListElement":[{"@type":"ListItem","position":1,"name":"Po\u010detna stranica","item":"https:\/\/favor.hr\/"},{"@type":"ListItem","position":2,"name":"Vizitka"}]},{"@type":"WebSite","@id":"https:\/\/favor.hr\/#website","url":"https:\/\/favor.hr\/","name":"Favor Informatika","description":"Obrt za informati\u010dke usluge","potentialAction":[{"@type":"SearchAction","target":{"@type":"EntryPoint","urlTemplate":"https:\/\/favor.hr\/?s={search_term_string}"},"query-input":{"@type":"PropertyValueSpecification","valueRequired":true,"valueName":"search_term_string"}}],"inLanguage":"en-US"}]}},"_links":{"self":[{"href":"https:\/\/favor.hr\/en\/wp-json\/wp\/v2\/pages\/8772","targetHints":{"allow":["GET"]}}],"collection":[{"href":"https:\/\/favor.hr\/en\/wp-json\/wp\/v2\/pages"}],"about":[{"href":"https:\/\/favor.hr\/en\/wp-json\/wp\/v2\/types\/page"}],"author":[{"embeddable":true,"href":"https:\/\/favor.hr\/en\/wp-json\/wp\/v2\/users\/1"}],"replies":[{"embeddable":true,"href":"https:\/\/favor.hr\/en\/wp-json\/wp\/v2\/comments?post=8772"}],"version-history":[{"count":5,"href":"https:\/\/favor.hr\/en\/wp-json\/wp\/v2\/pages\/8772\/revisions"}],"predecessor-version":[{"id":8785,"href":"https:\/\/favor.hr\/en\/wp-json\/wp\/v2\/pages\/8772\/revisions\/8785"}],"wp:attachment":[{"href":"https:\/\/favor.hr\/en\/wp-json\/wp\/v2\/media?parent=8772"}],"curies":[{"name":"wp","href":"https:\/\/api.w.org\/{rel}","templated":true}]}}